{"id":4043,"date":"2019-10-31T07:24:31","date_gmt":"2019-10-31T07:24:31","guid":{"rendered":"http:\/\/www.goksugroup.com.tr\/demo\/?page_id=4043"},"modified":"2019-11-30T08:31:01","modified_gmt":"2019-11-30T08:31:01","slug":"kalite-belgelerimiz","status":"publish","type":"page","link":"https:\/\/www.goksugroup.com.tr\/demo\/kalite-belgelerimiz\/","title":{"rendered":"Kalite Belgelerimiz"},"content":{"rendered":"<p>[vc_row row_space=&#8221;remove_padding_top&#8221; el_id=&#8221;kbD&#8221;][vc_column][vc_column_text el_id=&#8221;kPbaslik5&#8243;]<\/p>\n<p data-fontsize=\"20\" data-lineheight=\"30\">G\u00d6KSU Kap\u0131 Mekatronik Yap\u0131 Teknolojileri San. Tic. A.\u015e. olarak<\/p>\n<p>[\/vc_column_text][vc_column_text el_id=&#8221;baslik4&#8243;]<\/p>\n<div class=\"fusion-title title fusion-sep-none fusion-title-size-one fusion-border-below-title\">\n<p data-fontsize=\"26\" data-lineheight=\"39\">Kalite Belgelerimiz ve Sertifikalar\u0131m\u0131z;<\/p>\n<\/div>\n<p>[\/vc_column_text][vc_separator color=&#8221;custom&#8221; accent_color=&#8221;#fac12c&#8221;][vc_gallery type=&#8221;image_grid&#8221; images=&#8221;4509,4510,4511,4512,4513,4514,4515,4516,4517,4518,4519,4520,4521&#8243; img_size=&#8221;107&#215;150&#8243;][\/vc_column][\/vc_row]<\/p>\n","protected":false},"excerpt":{"rendered":"<p>[vc_row row_space=&#8221;remove_padding_top&#8221; el_id=&#8221;kbD&#8221;][vc_column][vc_column_text el_id=&#8221;kPbaslik5&#8243;] G\u00d6KSU Kap\u0131 Mekatronik Yap\u0131 Teknolojileri San. Tic. A.\u015e. olarak [\/vc_column_text][vc_column_text el_id=&#8221;baslik4&#8243;] Kalite Belgelerimiz ve Sertifikalar\u0131m\u0131z; [\/vc_column_text][vc_separator color=&#8221;custom&#8221; accent_color=&#8221;#fac12c&#8221;][vc_gallery type=&#8221;image_grid&#8221; images=&#8221;4509,4510,4511,4512,4513,4514,4515,4516,4517,4518,4519,4520,4521&#8243; img_size=&#8221;107&#215;150&#8243;][\/vc_column][\/vc_row]<\/p>\n","protected":false},"author":1,"featured_media":0,"parent":0,"menu_order":0,"comment_status":"closed","ping_status":"closed","template":"","meta":[],"yoast_head":"<!-- This site is optimized with the Yoast SEO plugin v16.5 - https:\/\/yoast.com\/wordpress\/plugins\/seo\/ -->\n<title>Kalite Belgelerimiz | GOXU Otomatik Kap\u0131 Sistemleri, Garaj Kap\u0131lar\u0131, End&uuml;striyel Kap\u0131lar<\/title>\n<meta name=\"robots\" content=\"index, follow, max-snippet:-1, max-image-preview:large, max-video-preview:-1\" \/>\n<link rel=\"canonical\" href=\"https:\/\/www.goksugroup.com.tr\/demo\/kalite-belgelerimiz\/\" \/>\n<meta property=\"og:locale\" content=\"tr_TR\" \/>\n<meta property=\"og:type\" content=\"article\" \/>\n<meta property=\"og:title\" content=\"Kalite Belgelerimiz | GOXU Otomatik Kap\u0131 Sistemleri, Garaj Kap\u0131lar\u0131, End&uuml;striyel Kap\u0131lar\" \/>\n<meta property=\"og:description\" content=\"[vc_row row_space=&#8221;remove_padding_top&#8221; el_id=&#8221;kbD&#8221;][vc_column][vc_column_text el_id=&#8221;kPbaslik5&#8243;] G\u00d6KSU Kap\u0131 Mekatronik Yap\u0131 Teknolojileri San. Tic. A.\u015e. olarak [\/vc_column_text][vc_column_text el_id=&#8221;baslik4&#8243;] Kalite Belgelerimiz ve Sertifikalar\u0131m\u0131z; [\/vc_column_text][vc_separator color=&#8221;custom&#8221; accent_color=&#8221;#fac12c&#8221;][vc_gallery type=&#8221;image_grid&#8221; images=&#8221;4509,4510,4511,4512,4513,4514,4515,4516,4517,4518,4519,4520,4521&#8243; img_size=&#8221;107&#215;150&#8243;][\/vc_column][\/vc_row]\" \/>\n<meta property=\"og:url\" content=\"https:\/\/www.goksugroup.com.tr\/demo\/kalite-belgelerimiz\/\" \/>\n<meta property=\"og:site_name\" content=\"GOXU Otomatik Kap\u0131 Sistemleri, Garaj Kap\u0131lar\u0131, End&uuml;striyel Kap\u0131lar\" \/>\n<meta property=\"article:modified_time\" content=\"2019-11-30T08:31:01+00:00\" \/>\n<meta name=\"twitter:card\" content=\"summary_large_image\" \/>\n<script type=\"application\/ld+json\" class=\"yoast-schema-graph\">{\"@context\":\"https:\/\/schema.org\",\"@graph\":[{\"@type\":\"WebSite\",\"@id\":\"https:\/\/www.goksugroup.com.tr\/demo\/#website\",\"url\":\"https:\/\/www.goksugroup.com.tr\/demo\/\",\"name\":\"GOXU Otomatik Kap\\u0131 Sistemleri, Garaj Kap\\u0131lar\\u0131, End&uuml;striyel Kap\\u0131lar\",\"description\":\"GOXU Otomatik Kap\\u0131 Sistemleri, Garaj Kap\\u0131lar\\u0131, End&uuml;striyel Kap\\u0131lar\",\"potentialAction\":[{\"@type\":\"SearchAction\",\"target\":\"https:\/\/www.goksugroup.com.tr\/demo\/?s={search_term_string}\",\"query-input\":\"required name=search_term_string\"}],\"inLanguage\":\"tr\"},{\"@type\":\"WebPage\",\"@id\":\"https:\/\/www.goksugroup.com.tr\/demo\/kalite-belgelerimiz\/#webpage\",\"url\":\"https:\/\/www.goksugroup.com.tr\/demo\/kalite-belgelerimiz\/\",\"name\":\"Kalite Belgelerimiz | GOXU Otomatik Kap\\u0131 Sistemleri, Garaj Kap\\u0131lar\\u0131, End&uuml;striyel Kap\\u0131lar\",\"isPartOf\":{\"@id\":\"https:\/\/www.goksugroup.com.tr\/demo\/#website\"},\"datePublished\":\"2019-10-31T07:24:31+00:00\",\"dateModified\":\"2019-11-30T08:31:01+00:00\",\"breadcrumb\":{\"@id\":\"https:\/\/www.goksugroup.com.tr\/demo\/kalite-belgelerimiz\/#breadcrumb\"},\"inLanguage\":\"tr\",\"potentialAction\":[{\"@type\":\"ReadAction\",\"target\":[\"https:\/\/www.goksugroup.com.tr\/demo\/kalite-belgelerimiz\/\"]}]},{\"@type\":\"BreadcrumbList\",\"@id\":\"https:\/\/www.goksugroup.com.tr\/demo\/kalite-belgelerimiz\/#breadcrumb\",\"itemListElement\":[{\"@type\":\"ListItem\",\"position\":1,\"name\":\"Ana sayfa\",\"item\":\"https:\/\/www.goksugroup.com.tr\/demo\/\"},{\"@type\":\"ListItem\",\"position\":2,\"name\":\"Kalite Belgelerimiz\"}]}]}<\/script>\n<!-- \/ Yoast SEO plugin. -->","_links":{"self":[{"href":"https:\/\/www.goksugroup.com.tr\/demo\/wp-json\/wp\/v2\/pages\/4043"}],"collection":[{"href":"https:\/\/www.goksugroup.com.tr\/demo\/wp-json\/wp\/v2\/pages"}],"about":[{"href":"https:\/\/www.goksugroup.com.tr\/demo\/wp-json\/wp\/v2\/types\/page"}],"author":[{"embeddable":true,"href":"https:\/\/www.goksugroup.com.tr\/demo\/wp-json\/wp\/v2\/users\/1"}],"replies":[{"embeddable":true,"href":"https:\/\/www.goksugroup.com.tr\/demo\/wp-json\/wp\/v2\/comments?post=4043"}],"version-history":[{"count":13,"href":"https:\/\/www.goksugroup.com.tr\/demo\/wp-json\/wp\/v2\/pages\/4043\/revisions"}],"predecessor-version":[{"id":6082,"href":"https:\/\/www.goksugroup.com.tr\/demo\/wp-json\/wp\/v2\/pages\/4043\/revisions\/6082"}],"wp:attachment":[{"href":"https:\/\/www.goksugroup.com.tr\/demo\/wp-json\/wp\/v2\/media?parent=4043"}],"curies":[{"name":"wp","href":"https:\/\/api.w.org\/{rel}","templated":true}]}}